{"id":603,"date":"2017-08-05T04:55:20","date_gmt":"2017-08-05T04:55:20","guid":{"rendered":"http:\/\/campingveerhof.nl\/?page_id=603"},"modified":"2017-08-05T06:15:37","modified_gmt":"2017-08-05T06:15:37","slug":"zu-wasser","status":"publish","type":"page","link":"https:\/\/campingveerhof.nl\/de\/zu-wasser\/","title":{"rendered":"Zu Wasser"},"content":{"rendered":"<div class=\"wpb-content-wrapper\"><p>[vc_row margin_top=&#8220;20&#8243; margin_bottom=&#8220;20&#8243;][vc_column][vc_column_text]Wie\u00a0 bereits erw\u00e4hnt liegt der Campingplatz in einem wasserreichen Gebiet. In fr\u00fcheren Zeiten wurde zwischen den Bauernh\u00f6fen vieles \u00fcber das Wasser transportiert. Doch im Laufe der Jahre verlagerte sich der Transport auf die Stra\u00dfe. Die meisten gro\u00dfe Wasserstra\u00dfen blieben erhalten. Dadurch ist es m\u00f6glich vom Campingplatz die St\u00e4dte Medemblik &amp; Enkhuizen auch auf dem Wasserweg zu besuchen. Auch eine Runde durch die Polder ist sehenswert. Der Camping verf\u00fcgt \u00fcber einige Kanus &amp; Kajaks (sogen. kanadischen Kanus) die gemietet werden k\u00f6nnen. Dar\u00fcber hinaus gibt es 3 Fl\u00fcsterboote. Boote die durch Strom angetrieben werden. Diese Art von Fortbewegung ist nicht nur positiv f\u00fcr die Umwelt, die Ruhe mit der man sich fortbewegt ist sehr entspannend. In einem Boot haben bis zu 7 Personen platz und k\u00f6nnen stundenweise\/halbtags oder ganztags gemietet werden.[\/vc_column_text][\/vc_column][\/vc_row]<\/p>\n<\/div>","protected":false},"excerpt":{"rendered":"<p>[vc_row margin_top=&#8220;20&#8243; margin_bottom=&#8220;20&#8243;][vc_column][vc_column_text]Wie\u00a0 bereits erw\u00e4hnt liegt der Campingplatz in einem wasserreichen Gebiet. In fr\u00fcheren Zeiten wurde zwischen den Bauernh\u00f6fen vieles \u00fcber das Wasser transportiert. Doch im Laufe der Jahre verlagerte sich der Transport auf die Stra\u00dfe. Die meisten gro\u00dfe Wasserstra\u00dfen blieben erhalten. Dadurch ist es m\u00f6glich vom Campingplatz die St\u00e4dte Medemblik &amp; Enkhuizen auch auf&hellip;<\/p>\n","protected":false},"author":1,"featured_media":367,"parent":0,"menu_order":3,"comment_status":"closed","ping_status":"closed","template":"","meta":{"footnotes":""},"class_list":["post-603","page","type-page","status-publish","has-post-thumbnail","hentry","description-off"],"yoast_head":"<!-- This site is optimized with the Yoast SEO plugin v27.4 - https:\/\/yoast.com\/product\/yoast-seo-wordpress\/ -->\n<title>Zu Wasser - Camping Veerhof<\/title>\n<meta name=\"robots\" content=\"index, follow, max-snippet:-1, max-image-preview:large, max-video-preview:-1\" \/>\n<link rel=\"canonical\" href=\"https:\/\/campingveerhof.nl\/varen\/\" \/>\n<meta property=\"og:locale\" content=\"de_DE\" \/>\n<meta property=\"og:type\" content=\"article\" \/>\n<meta property=\"og:title\" content=\"Zu Wasser - Camping Veerhof\" \/>\n<meta property=\"og:description\" content=\"[vc_row margin_top=&#8220;20&#8243; margin_bottom=&#8220;20&#8243;][vc_column][vc_column_text]Wie\u00a0 bereits erw\u00e4hnt liegt der Campingplatz in einem wasserreichen Gebiet. In fr\u00fcheren Zeiten wurde zwischen den Bauernh\u00f6fen vieles \u00fcber das Wasser transportiert. Doch im Laufe der Jahre verlagerte sich der Transport auf die Stra\u00dfe. Die meisten gro\u00dfe Wasserstra\u00dfen blieben erhalten. Dadurch ist es m\u00f6glich vom Campingplatz die St\u00e4dte Medemblik &amp; Enkhuizen auch auf&hellip;\" \/>\n<meta property=\"og:url\" content=\"https:\/\/campingveerhof.nl\/varen\/\" \/>\n<meta property=\"og:site_name\" content=\"Camping Veerhof\" \/>\n<meta property=\"article:publisher\" content=\"https:\/\/www.facebook.com\/Camping-Veerhof-529524723907185\" \/>\n<meta property=\"article:modified_time\" content=\"2017-08-05T06:15:37+00:00\" \/>\n<meta property=\"og:image\" content=\"https:\/\/campingveerhof.nl\/wp-content\/uploads\/20160609_202713-1-e1489071565298.jpg\" \/>\n\t<meta property=\"og:image:width\" content=\"1900\" \/>\n\t<meta property=\"og:image:height\" content=\"1069\" \/>\n\t<meta property=\"og:image:type\" content=\"image\/jpeg\" \/>\n<meta name=\"twitter:card\" content=\"summary_large_image\" \/>\n<meta name=\"twitter:label1\" content=\"Gesch\u00e4tzte Lesezeit\" \/>\n\t<meta name=\"twitter:data1\" content=\"1\u00a0Minute\" \/>\n<script type=\"application\/ld+json\" class=\"yoast-schema-graph\">{\"@context\":\"https:\\\/\\\/schema.org\",\"@graph\":[{\"@type\":\"WebPage\",\"@id\":\"https:\\\/\\\/campingveerhof.nl\\\/varen\\\/\",\"url\":\"https:\\\/\\\/campingveerhof.nl\\\/varen\\\/\",\"name\":\"Zu Wasser - Camping Veerhof\",\"isPartOf\":{\"@id\":\"https:\\\/\\\/campingveerhof.nl\\\/#website\"},\"primaryImageOfPage\":{\"@id\":\"https:\\\/\\\/campingveerhof.nl\\\/varen\\\/#primaryimage\"},\"image\":{\"@id\":\"https:\\\/\\\/campingveerhof.nl\\\/varen\\\/#primaryimage\"},\"thumbnailUrl\":\"https:\\\/\\\/campingveerhof.nl\\\/wp-content\\\/uploads\\\/20160609_202713-1-e1489071565298.jpg\",\"datePublished\":\"2017-08-05T04:55:20+00:00\",\"dateModified\":\"2017-08-05T06:15:37+00:00\",\"breadcrumb\":{\"@id\":\"https:\\\/\\\/campingveerhof.nl\\\/varen\\\/#breadcrumb\"},\"inLanguage\":\"de\",\"potentialAction\":[{\"@type\":\"ReadAction\",\"target\":[\"https:\\\/\\\/campingveerhof.nl\\\/varen\\\/\"]}]},{\"@type\":\"ImageObject\",\"inLanguage\":\"de\",\"@id\":\"https:\\\/\\\/campingveerhof.nl\\\/varen\\\/#primaryimage\",\"url\":\"https:\\\/\\\/campingveerhof.nl\\\/wp-content\\\/uploads\\\/20160609_202713-1-e1489071565298.jpg\",\"contentUrl\":\"https:\\\/\\\/campingveerhof.nl\\\/wp-content\\\/uploads\\\/20160609_202713-1-e1489071565298.jpg\",\"width\":1900,\"height\":1069},{\"@type\":\"BreadcrumbList\",\"@id\":\"https:\\\/\\\/campingveerhof.nl\\\/varen\\\/#breadcrumb\",\"itemListElement\":[{\"@type\":\"ListItem\",\"position\":1,\"name\":\"Home\",\"item\":\"https:\\\/\\\/campingveerhof.nl\\\/\"},{\"@type\":\"ListItem\",\"position\":2,\"name\":\"Zu Wasser\"}]},{\"@type\":\"WebSite\",\"@id\":\"https:\\\/\\\/campingveerhof.nl\\\/#website\",\"url\":\"https:\\\/\\\/campingveerhof.nl\\\/\",\"name\":\"Camping Veerhof\",\"description\":\"Rust en ruimte in Noord-holland\",\"publisher\":{\"@id\":\"https:\\\/\\\/campingveerhof.nl\\\/#organization\"},\"potentialAction\":[{\"@type\":\"SearchAction\",\"target\":{\"@type\":\"EntryPoint\",\"urlTemplate\":\"https:\\\/\\\/campingveerhof.nl\\\/?s={search_term_string}\"},\"query-input\":{\"@type\":\"PropertyValueSpecification\",\"valueRequired\":true,\"valueName\":\"search_term_string\"}}],\"inLanguage\":\"de\"},{\"@type\":\"Organization\",\"@id\":\"https:\\\/\\\/campingveerhof.nl\\\/#organization\",\"name\":\"Camping Veerhof\",\"url\":\"https:\\\/\\\/campingveerhof.nl\\\/\",\"logo\":{\"@type\":\"ImageObject\",\"inLanguage\":\"de\",\"@id\":\"https:\\\/\\\/campingveerhof.nl\\\/#\\\/schema\\\/logo\\\/image\\\/\",\"url\":\"https:\\\/\\\/campingveerhof.nl\\\/wp-content\\\/uploads\\\/logo-camping-Veerhofkl.jpg\",\"contentUrl\":\"https:\\\/\\\/campingveerhof.nl\\\/wp-content\\\/uploads\\\/logo-camping-Veerhofkl.jpg\",\"width\":200,\"height\":190,\"caption\":\"Camping Veerhof\"},\"image\":{\"@id\":\"https:\\\/\\\/campingveerhof.nl\\\/#\\\/schema\\\/logo\\\/image\\\/\"},\"sameAs\":[\"https:\\\/\\\/www.facebook.com\\\/Camping-Veerhof-529524723907185\"]}]}<\/script>\n<!-- \/ Yoast SEO plugin. -->","yoast_head_json":{"title":"Zu Wasser - Camping Veerhof","robots":{"index":"index","follow":"follow","max-snippet":"max-snippet:-1","max-image-preview":"max-image-preview:large","max-video-preview":"max-video-preview:-1"},"canonical":"https:\/\/campingveerhof.nl\/varen\/","og_locale":"de_DE","og_type":"article","og_title":"Zu Wasser - Camping Veerhof","og_description":"[vc_row margin_top=&#8220;20&#8243; margin_bottom=&#8220;20&#8243;][vc_column][vc_column_text]Wie\u00a0 bereits erw\u00e4hnt liegt der Campingplatz in einem wasserreichen Gebiet. In fr\u00fcheren Zeiten wurde zwischen den Bauernh\u00f6fen vieles \u00fcber das Wasser transportiert. Doch im Laufe der Jahre verlagerte sich der Transport auf die Stra\u00dfe. Die meisten gro\u00dfe Wasserstra\u00dfen blieben erhalten. Dadurch ist es m\u00f6glich vom Campingplatz die St\u00e4dte Medemblik &amp; Enkhuizen auch auf&hellip;","og_url":"https:\/\/campingveerhof.nl\/varen\/","og_site_name":"Camping Veerhof","article_publisher":"https:\/\/www.facebook.com\/Camping-Veerhof-529524723907185","article_modified_time":"2017-08-05T06:15:37+00:00","og_image":[{"width":1900,"height":1069,"url":"https:\/\/campingveerhof.nl\/wp-content\/uploads\/20160609_202713-1-e1489071565298.jpg","type":"image\/jpeg"}],"twitter_card":"summary_large_image","twitter_misc":{"Gesch\u00e4tzte Lesezeit":"1\u00a0Minute"},"schema":{"@context":"https:\/\/schema.org","@graph":[{"@type":"WebPage","@id":"https:\/\/campingveerhof.nl\/varen\/","url":"https:\/\/campingveerhof.nl\/varen\/","name":"Zu Wasser - Camping Veerhof","isPartOf":{"@id":"https:\/\/campingveerhof.nl\/#website"},"primaryImageOfPage":{"@id":"https:\/\/campingveerhof.nl\/varen\/#primaryimage"},"image":{"@id":"https:\/\/campingveerhof.nl\/varen\/#primaryimage"},"thumbnailUrl":"https:\/\/campingveerhof.nl\/wp-content\/uploads\/20160609_202713-1-e1489071565298.jpg","datePublished":"2017-08-05T04:55:20+00:00","dateModified":"2017-08-05T06:15:37+00:00","breadcrumb":{"@id":"https:\/\/campingveerhof.nl\/varen\/#breadcrumb"},"inLanguage":"de","potentialAction":[{"@type":"ReadAction","target":["https:\/\/campingveerhof.nl\/varen\/"]}]},{"@type":"ImageObject","inLanguage":"de","@id":"https:\/\/campingveerhof.nl\/varen\/#primaryimage","url":"https:\/\/campingveerhof.nl\/wp-content\/uploads\/20160609_202713-1-e1489071565298.jpg","contentUrl":"https:\/\/campingveerhof.nl\/wp-content\/uploads\/20160609_202713-1-e1489071565298.jpg","width":1900,"height":1069},{"@type":"BreadcrumbList","@id":"https:\/\/campingveerhof.nl\/varen\/#breadcrumb","itemListElement":[{"@type":"ListItem","position":1,"name":"Home","item":"https:\/\/campingveerhof.nl\/"},{"@type":"ListItem","position":2,"name":"Zu Wasser"}]},{"@type":"WebSite","@id":"https:\/\/campingveerhof.nl\/#website","url":"https:\/\/campingveerhof.nl\/","name":"Camping Veerhof","description":"Rust en ruimte in Noord-holland","publisher":{"@id":"https:\/\/campingveerhof.nl\/#organization"},"potentialAction":[{"@type":"SearchAction","target":{"@type":"EntryPoint","urlTemplate":"https:\/\/campingveerhof.nl\/?s={search_term_string}"},"query-input":{"@type":"PropertyValueSpecification","valueRequired":true,"valueName":"search_term_string"}}],"inLanguage":"de"},{"@type":"Organization","@id":"https:\/\/campingveerhof.nl\/#organization","name":"Camping Veerhof","url":"https:\/\/campingveerhof.nl\/","logo":{"@type":"ImageObject","inLanguage":"de","@id":"https:\/\/campingveerhof.nl\/#\/schema\/logo\/image\/","url":"https:\/\/campingveerhof.nl\/wp-content\/uploads\/logo-camping-Veerhofkl.jpg","contentUrl":"https:\/\/campingveerhof.nl\/wp-content\/uploads\/logo-camping-Veerhofkl.jpg","width":200,"height":190,"caption":"Camping Veerhof"},"image":{"@id":"https:\/\/campingveerhof.nl\/#\/schema\/logo\/image\/"},"sameAs":["https:\/\/www.facebook.com\/Camping-Veerhof-529524723907185"]}]}},"_links":{"self":[{"href":"https:\/\/campingveerhof.nl\/de\/wp-json\/wp\/v2\/pages\/603","targetHints":{"allow":["GET"]}}],"collection":[{"href":"https:\/\/campingveerhof.nl\/de\/wp-json\/wp\/v2\/pages"}],"about":[{"href":"https:\/\/campingveerhof.nl\/de\/wp-json\/wp\/v2\/types\/page"}],"author":[{"embeddable":true,"href":"https:\/\/campingveerhof.nl\/de\/wp-json\/wp\/v2\/users\/1"}],"replies":[{"embeddable":true,"href":"https:\/\/campingveerhof.nl\/de\/wp-json\/wp\/v2\/comments?post=603"}],"version-history":[{"count":1,"href":"https:\/\/campingveerhof.nl\/de\/wp-json\/wp\/v2\/pages\/603\/revisions"}],"predecessor-version":[{"id":604,"href":"https:\/\/campingveerhof.nl\/de\/wp-json\/wp\/v2\/pages\/603\/revisions\/604"}],"wp:featuredmedia":[{"embeddable":true,"href":"https:\/\/campingveerhof.nl\/de\/wp-json\/wp\/v2\/media\/367"}],"wp:attachment":[{"href":"https:\/\/campingveerhof.nl\/de\/wp-json\/wp\/v2\/media?parent=603"}],"curies":[{"name":"wp","href":"https:\/\/api.w.org\/{rel}","templated":true}]}}